{"id":1137,"date":"2015-01-05T21:13:52","date_gmt":"2015-01-05T19:13:52","guid":{"rendered":"http:\/\/www.naturel.ee\/?page_id=1137"},"modified":"2021-04-03T18:23:10","modified_gmt":"2021-04-03T16:23:10","slug":"contacts","status":"publish","type":"page","link":"https:\/\/www.naturel.ee\/fi\/contacts\/","title":{"rendered":"Yhteystiedot"},"content":{"rendered":"<section class=\"wpb-content-wrapper\"><p>[vc_row][vc_column][\/vc_column][\/vc_row][vc_row][vc_column width=&#8221;1\/2&#8243;]\n<div class=\"wpcf7 no-js\" id=\"wpcf7-f1297-o1\" lang=\"fi\" dir=\"ltr\" data-wpcf7-id=\"1297\">\n<div class=\"screen-reader-response\"><p role=\"status\" aria-live=\"polite\" aria-atomic=\"true\"><\/p> <ul><\/ul><\/div>\n<form action=\"\/fi\/wp-json\/wp\/v2\/pages\/1137#wpcf7-f1297-o1\" method=\"post\" class=\"wpcf7-form init\" aria-label=\"Yhteydenottolomake\" novalidate=\"novalidate\" data-status=\"init\">\n<div style=\"display: none;\">\n<input type=\"hidden\" name=\"_wpcf7\" value=\"1297\" \/>\n<input type=\"hidden\" name=\"_wpcf7_version\" value=\"6.0.6\" \/>\n<input type=\"hidden\" name=\"_wpcf7_locale\" value=\"fi\" \/>\n<input type=\"hidden\" name=\"_wpcf7_unit_tag\" value=\"wpcf7-f1297-o1\" \/>\n<input type=\"hidden\" name=\"_wpcf7_container_post\" value=\"0\" \/>\n<input type=\"hidden\" name=\"_wpcf7_posted_data_hash\" value=\"\" \/>\n<input type=\"hidden\" name=\"_wpcf7_recaptcha_response\" value=\"\" \/>\n<\/div>\n<p><span class=\"wpcf7-form-control-wrap\" data-name=\"text-633\"><input size=\"40\" maxlength=\"400\" class=\"wpcf7-form-control wpcf7-text wpcf7-validates-as-required span6 left\" aria-required=\"true\" aria-invalid=\"false\" placeholder=\"Nimenne\" value=\"\" type=\"text\" name=\"text-633\" \/><\/span><br \/>\n<span class=\"wpcf7-form-control-wrap\" data-name=\"text-518\"><input size=\"40\" maxlength=\"400\" class=\"wpcf7-form-control wpcf7-text wpcf7-validates-as-required span6 left\" aria-required=\"true\" aria-invalid=\"false\" placeholder=\"S\u00e4hk\u00f6postinne\" value=\"\" type=\"text\" name=\"text-518\" \/><\/span><br \/>\n<span class=\"wpcf7-form-control-wrap\" data-name=\"text-67\"><input size=\"40\" maxlength=\"400\" class=\"wpcf7-form-control wpcf7-text wpcf7-validates-as-required span6 left\" aria-required=\"true\" aria-invalid=\"false\" placeholder=\"Puhelinnumeronne\" value=\"\" type=\"text\" name=\"text-67\" \/><\/span><br \/>\n<span class=\"wpcf7-form-control-wrap\" data-name=\"text-796\"><input size=\"40\" maxlength=\"400\" class=\"wpcf7-form-control wpcf7-text wpcf7-validates-as-required span6 left\" aria-required=\"true\" aria-invalid=\"false\" placeholder=\"K\u00e4ynnin p\u00e4iv\u00e4m\u00e4\u00e4r\u00e4 ja aika\" value=\"\" type=\"text\" name=\"text-796\" \/><\/span><br \/>\n<span class=\"wpcf7-form-control-wrap\" data-name=\"textarea-969\"><textarea cols=\"40\" rows=\"10\" maxlength=\"2000\" class=\"wpcf7-form-control wpcf7-textarea span6 left\" aria-invalid=\"false\" placeholder=\"Haluttu palvelu\" name=\"textarea-969\"><\/textarea><\/span><br \/>\n<input class=\"wpcf7-form-control wpcf7-submit has-spinner btn btn-primary btn-block bottom\" type=\"submit\" value=\"Varata\" \/>\n<\/p><p style=\"display: none !important;\" class=\"akismet-fields-container\" data-prefix=\"_wpcf7_ak_\"><label>&#916;<textarea name=\"_wpcf7_ak_hp_textarea\" cols=\"45\" rows=\"8\" maxlength=\"100\"><\/textarea><\/label><input type=\"hidden\" id=\"ak_js_1\" name=\"_wpcf7_ak_js\" value=\"78\"\/><script>document.getElementById( \"ak_js_1\" ).setAttribute( \"value\", ( new Date() ).getTime() );<\/script><\/p><div class=\"wpcf7-response-output\" aria-hidden=\"true\"><\/div>\n<\/form>\n<\/div>\n[\/vc_column][vc_column width=&#8221;1\/2&#8243; el_class=&#8221;.contact .contact-data&#8221;][vc_column_text]<\/p>\n<div class=\"span6 right\" style=\"right: 0px;\">\n<p><i class=\"fa fa-map-marker\"><br \/>\n<\/i> Tartu mnt. 67, Tallinn<\/p>\n<p><i class=\"fa fa-envelope-o\"><\/i> <a href=\"#\">info@naturel.ee<\/a><\/p>\n<p><i class=\"fa fa-phone\"><\/i> +372 6 31 20 20<br \/>\n<small>E-R \u00a010.00 &#8211; 19.00<\/small><\/p>\n<p><small>19.00-20.00 kokkuleppel<br \/>\nL \u00a0 \u00a0 \u00a010.00 &#8211; 16.00<\/small><\/p>\n<\/div>\n<div class=\"span6 right\" style=\"right: 0px; top: 30px;\">\n<p><a href=\"http:\/\/www.facebook.com\"><img decoding=\"async\" src=\"https:\/\/www.naturel.ee\/wp-content\/uploads\/2014\/03\/facebook.png\" alt=\"Facebook\" \/><\/a><\/p>\n<\/div>\n<p>[\/vc_column_text][\/vc_column][\/vc_row]<\/p>\n<\/section>","protected":false},"excerpt":{"rendered":"<p>[vc_row][vc_column][\/vc_column][\/vc_row][vc_row][vc_column width=&#8221;1\/2&#8243;][\/vc_column][vc_column width=&#8221;1\/2&#8243; el_class=&#8221;.contact .contact-data&#8221;][vc_column_text] Tartu mnt. 67, Tallinn info@naturel.ee +372 6 31 20 20 E-R \u00a010.00 &#8211; 19.00 19.00-20.00 kokkuleppel L \u00a0 \u00a0 \u00a010.00 &#8211; 16.00 [\/vc_column_text][\/vc_column][\/vc_row]<\/p>\n","protected":false},"author":1,"featured_media":380,"parent":0,"menu_order":0,"comment_status":"closed","ping_status":"closed","template":"page-onepage.php","meta":{"footnotes":""},"class_list":["post-1137","page","type-page","status-publish","has-post-thumbnail","hentry"],"aioseo_notices":[],"_links":{"self":[{"href":"https:\/\/www.naturel.ee\/fi\/wp-json\/wp\/v2\/pages\/1137","targetHints":{"allow":["GET"]}}],"collection":[{"href":"https:\/\/www.naturel.ee\/fi\/wp-json\/wp\/v2\/pages"}],"about":[{"href":"https:\/\/www.naturel.ee\/fi\/wp-json\/wp\/v2\/types\/page"}],"author":[{"embeddable":true,"href":"https:\/\/www.naturel.ee\/fi\/wp-json\/wp\/v2\/users\/1"}],"replies":[{"embeddable":true,"href":"https:\/\/www.naturel.ee\/fi\/wp-json\/wp\/v2\/comments?post=1137"}],"version-history":[{"count":8,"href":"https:\/\/www.naturel.ee\/fi\/wp-json\/wp\/v2\/pages\/1137\/revisions"}],"predecessor-version":[{"id":2710,"href":"https:\/\/www.naturel.ee\/fi\/wp-json\/wp\/v2\/pages\/1137\/revisions\/2710"}],"wp:featuredmedia":[{"embeddable":true,"href":"https:\/\/www.naturel.ee\/fi\/wp-json\/wp\/v2\/media\/380"}],"wp:attachment":[{"href":"https:\/\/www.naturel.ee\/fi\/wp-json\/wp\/v2\/media?parent=1137"}],"curies":[{"name":"wp","href":"https:\/\/api.w.org\/{rel}","templated":true}]}}